{"id":2,"date":"2023-08-31T21:01:36","date_gmt":"2023-08-31T19:01:36","guid":{"rendered":"https:\/\/www.provax.sk\/?page_id=2"},"modified":"2023-09-19T21:03:34","modified_gmt":"2023-09-19T19:03:34","slug":"ukazkova-stranka","status":"publish","type":"page","link":"https:\/\/www.provax.sk\/","title":{"rendered":"\u00davod"},"content":{"rendered":"\n<p>Spolo\u010dnos\u0165 <strong>Provax Gemini s.r.o.<\/strong> V\u00e1m u\u017e od roku 1992 pon\u00faka v\u00fdrobu \u0161peci\u00e1lneho softv\u00e9ru pre r\u00f4zne oblasti uplatnenia.<\/p>\n\n\n\n<p>Niektor\u00e9 programy s\u00fa \u0161peci\u00e1lne &#8211; na mieru, kde kone\u010dn\u00e1 podoba ka\u017ed\u00e9ho programu je sformovan\u00e1 v \u00fazkej spolupr\u00e1ci s kone\u010dn\u00fdm pou\u017e\u00edvate\u013eom. Bud\u00faci pou\u017e\u00edvate\u013e si m\u00f4\u017ee pod\u013ea vlastnej \u00favahy a potrieb doplni\u0165 jednotliv\u00e9 programov\u00e9 bloky a \u010dasti v priamej diskusii s program\u00e1torom, ktor\u00fd uprav\u00ed program presne pod\u013ea po\u017eiadaviek.<\/p>\n\n\n\n<p>Najv\u00e4\u010d\u0161ie roz\u0161\u00edrenie programov bolo dosiahnut\u00e9 v oblasti automobilizmu. Najroz\u0161\u00edrenej\u0161\u00ed je program <strong>\u201eAutokomplet\u201c,<\/strong> ktor\u00fd m\u00e1 mno\u017estvo verzi\u00ed a programov\u00fdch blokov a sl\u00fa\u017ei na vedenie evidencie autoservisov, dnes u\u017e aj vo verzii pre webov\u00e9 rozhranie. Program <strong>\u201ePredaj n\u00e1hradn\u00fdch dielov\u201c <\/strong>sl\u00fa\u017ei na ve\u013eko a maloobchodn\u00fd predaj a m\u00e1 niektor\u00e9 vlastnosti, ktor\u00e9 s\u00fa origin\u00e1lnym pr\u00ednosom pr\u00e1ve v tejto oblasti obchodu s n\u00e1hradn\u00fdmi dielmi na automobily.<\/p>\n\n\n\n<p>Firma vyvinula viacero programov na po\u017eiadanie z\u00e1kazn\u00edkov &#8211; s\u00fa to vysoko \u0161pecializovan\u00e9 programy pre konkr\u00e9tnych u\u017e\u00edvate\u013eov. T\u00fdmto smerom sa firma vyv\u00edja \u010falej a \u010doraz v\u00e4\u010d\u0161mi sa venuje pr\u00e1ve ojedinel\u00fdm z\u00e1kazk\u00e1m, kde sa program tvor\u00ed v \u00fazkej spolupr\u00e1ci so z\u00e1kazn\u00edkom, na z\u00e1klade jeho in\u0161trukci\u00ed a po\u017eiadaviek. Z\u00e1rove\u0148 dlhodobo udr\u017eiavame a pos\u00favame v\u00fdvoj u\u017e existuj\u00facich programov v st\u00e1lom kontakte s pou\u017e\u00edvate\u013emi.<\/p>\n\n\n\n<p><\/p>\n","protected":false},"excerpt":{"rendered":"<p>Spolo\u010dnos\u0165 Provax Gemini s.r.o. V\u00e1m u\u017e od roku 1992 pon\u00faka v\u00fdrobu \u0161peci\u00e1lneho softv\u00e9ru pre r\u00f4zne oblasti uplatnenia. Niektor\u00e9 programy s\u00fa \u0161peci\u00e1lne &#8211; na mieru, kde kone\u010dn\u00e1 podoba ka\u017ed\u00e9ho programu je sformovan\u00e1 v \u00fazkej spolupr\u00e1ci s kone\u010dn\u00fdm pou\u017e\u00edvate\u013eom. Bud\u00faci pou\u017e\u00edvate\u013e si m\u00f4\u017ee pod\u013ea vlastnej \u00favahy a potrieb doplni\u0165 jednotliv\u00e9 programov\u00e9 bloky a \u010dasti v priamej diskusii <a class=\"read-more\" href=\"https:\/\/www.provax.sk\/\">Read More<\/a><\/p>\n","protected":false},"author":1,"featured_media":0,"parent":0,"menu_order":0,"comment_status":"closed","ping_status":"open","template":"","meta":{"footnotes":""},"class_list":["post-2","page","type-page","status-publish","hentry"],"_links":{"self":[{"href":"https:\/\/www.provax.sk\/index.php\/wp-json\/wp\/v2\/pages\/2","targetHints":{"allow":["GET"]}}],"collection":[{"href":"https:\/\/www.provax.sk\/index.php\/wp-json\/wp\/v2\/pages"}],"about":[{"href":"https:\/\/www.provax.sk\/index.php\/wp-json\/wp\/v2\/types\/page"}],"author":[{"embeddable":true,"href":"https:\/\/www.provax.sk\/index.php\/wp-json\/wp\/v2\/users\/1"}],"replies":[{"embeddable":true,"href":"https:\/\/www.provax.sk\/index.php\/wp-json\/wp\/v2\/comments?post=2"}],"version-history":[{"count":4,"href":"https:\/\/www.provax.sk\/index.php\/wp-json\/wp\/v2\/pages\/2\/revisions"}],"predecessor-version":[{"id":115,"href":"https:\/\/www.provax.sk\/index.php\/wp-json\/wp\/v2\/pages\/2\/revisions\/115"}],"wp:attachment":[{"href":"https:\/\/www.provax.sk\/index.php\/wp-json\/wp\/v2\/media?parent=2"}],"curies":[{"name":"wp","href":"https:\/\/api.w.org\/{rel}","templated":true}]}}