{"id":21,"date":"2023-08-31T21:42:21","date_gmt":"2023-08-31T19:42:21","guid":{"rendered":"https:\/\/www.provax.sk\/?page_id=21"},"modified":"2023-09-19T21:38:22","modified_gmt":"2023-09-19T19:38:22","slug":"produkt-1","status":"publish","type":"page","link":"https:\/\/www.provax.sk\/index.php\/nase-produkty\/produkt-1\/","title":{"rendered":"Evidencia autoservisu"},"content":{"rendered":"\n<p>Tento najrozsiahlej\u0161\u00ed program je vyvinut\u00fd <strong>pre potreby autoservisov nez\u00e1visle od typu a druhu vozidiel.<\/strong> Umo\u017e\u0148uje evidova\u0165 v\u0161etky potrebn\u00e9 \u00fadaje a vystavova\u0165 potrebn\u00e9 doklady aj ve\u013ek\u00fdch autoservisov a autosal\u00f3nov. Tento program je z\u00e1kladn\u00fdm programom, ktor\u00fd vyu\u017e\u00edvaj\u00fa najr\u00f4znej\u0161ie servisy a opravovne \u00e1ut r\u00f4znych zna\u010diek a typov na celom Slovensku<\/p>\n\n\n\n<figure class=\"wp-block-image size-large\"><img loading=\"lazy\" decoding=\"async\" width=\"1024\" height=\"318\" src=\"https:\/\/www.provax.sk\/wp-content\/uploads\/2023\/09\/header1-1-1024x318.jpg\" alt=\"\" class=\"wp-image-77\" srcset=\"https:\/\/www.provax.sk\/wp-content\/uploads\/2023\/09\/header1-1-1024x318.jpg 1024w, https:\/\/www.provax.sk\/wp-content\/uploads\/2023\/09\/header1-1-300x93.jpg 300w, https:\/\/www.provax.sk\/wp-content\/uploads\/2023\/09\/header1-1-768x238.jpg 768w, https:\/\/www.provax.sk\/wp-content\/uploads\/2023\/09\/header1-1-1536x477.jpg 1536w, https:\/\/www.provax.sk\/wp-content\/uploads\/2023\/09\/header1-1.jpg 1798w\" sizes=\"auto, (max-width: 1024px) 100vw, 1024px\" \/><\/figure>\n\n\n\n<p><br><strong>KOMPLEXN\u00c1 EVIDENCIA Z\u00c1KAZIEK<\/strong><\/p>\n\n\n\n<ul class=\"wp-block-list\">\n<li>s\u00fapis po\u017eadovan\u00fdch opr\u00e1v na vozidle<\/li>\n\n\n\n<li>tla\u010d prij\u00edmacieho protokolu, predbe\u017enej kalkul\u00e1cie<\/li>\n\n\n\n<li>rozpis pr\u00e1c na vozidle<\/li>\n\n\n\n<li>databanka normohod\u00edn jednotliv\u00fdch pr\u00e1c<\/li>\n\n\n\n<li>ur\u010denie pracovn\u00edkov na pr\u00e1cu<\/li>\n\n\n\n<li>priebe\u017en\u00e1 finan\u010dn\u00e1 kalkul\u00e1cia pr\u00e1c<\/li>\n\n\n\n<li>rozpis pou\u017eit\u00e9ho materi\u00e1lu<\/li>\n\n\n\n<li>v\u00fddaj materi\u00e1lu zo skladu<\/li>\n\n\n\n<li>spojenie so skladovou evidenciou<\/li>\n\n\n\n<li>vy\u00fa\u010dtovanie<\/li>\n\n\n\n<li>s\u00fahrnn\u00e1 kalkul\u00e1cia opravy vozidla<\/li>\n\n\n\n<li>tla\u010d \u00fa\u010dtovn\u00fdch dokladov \/fakt\u00far aj pokladni\u010dn\u00fdch blo\u010dkov<\/li>\n<\/ul>\n\n\n\n<p><strong>KOMPLEXN\u00c1 SKLADOV\u00c1 EVIDENCIA<\/strong><\/p>\n\n\n\n<ul class=\"wp-block-list\">\n<li>pr\u00edjem materi\u00e1lu na sklad<\/li>\n\n\n\n<li>tvorba a tla\u010d pr\u00edjemky,evidencia dod\u00e1vate\u013eov<\/li>\n\n\n\n<li>v\u00fddaj materi\u00e1lu zo skladu na z\u00e1kazky,predaj,r\u00e9\u017eiu<\/li>\n\n\n\n<li>tvorba a tla\u010d skladov\u00fdch v\u00fddajok<\/li>\n\n\n\n<li>priamy v\u00fddaj materi\u00e1lu na rozpracovan\u00e9 z\u00e1kazky<\/li>\n\n\n\n<li>mo\u017enos\u0165 priameho predaja a \u00fa\u010dtovania<\/li>\n\n\n\n<li>preh\u013eadov\u00e9 tabu\u013eky pohybov skladov\u00e9ho materi\u00e1lu<\/li>\n\n\n\n<li>evidencia skladov\u00fdch pohybov za \u010dasov\u00e9 obdobia<\/li>\n\n\n\n<li>mno\u017estevn\u00e9 i finan\u010dn\u00e9 sum\u00e1re skladov\u00fdch pohybov<\/li>\n\n\n\n<li>sledovanie n\u00e1kupn\u00fdch a predajn\u00fdch cien, zisku<\/li>\n\n\n\n<li>skladov\u00e9 karty<\/li>\n\n\n\n<li>presn\u00e9 sledovanie pohybov konkr\u00e9tnych polo\u017eiek<\/li>\n\n\n\n<li>sledovanie minim\u00e1lnych stavov na sklade<\/li>\n\n\n\n<li>automatick\u00e9 sledovanie stavu z\u00e1sob na sklade<\/li>\n\n\n\n<li>okam\u017eit\u00e1 orient\u00e1cia o potrebe doplni\u0165 z\u00e1soby<\/li>\n\n\n\n<li>minimalizova\u0165 po\u010det polo\u017eiek v evidencii<\/li>\n\n\n\n<li>aktu\u00e1lna vo\u013eba ceny pri manipul\u00e1cii s polo\u017ekou<\/li>\n<\/ul>\n\n\n\n<p><strong>EVIDENCIA ZAMESTNANCOV<\/strong><\/p>\n\n\n\n<ul class=\"wp-block-list\">\n<li>z\u00e1kladn\u00e1 evidencia zamestnancov<\/li>\n\n\n\n<li>sledovanie a v\u00fdpo\u010det v\u00fdkonov zamestnancov<\/li>\n\n\n\n<li>na po\u017eiadanie prepojenie s doch\u00e1dzkov\u00fdm syst\u00e9mom vlastnej produkcie<\/li>\n<\/ul>\n\n\n\n<p><strong>SLEDOVANIE FINAN\u010cN\u00ddCH PR\u00cdJMOV<\/strong><\/p>\n\n\n\n<ul class=\"wp-block-list\">\n<li>evidencia pr\u00edjmov v hotovosti<\/li>\n\n\n\n<li>evidencia bezhotovostn\u00fdch \u00fahrad<\/li>\n\n\n\n<li>preh\u013eady pr\u00edjmov za z\u00e1kazky<\/li>\n\n\n\n<li>preh\u013eady pr\u00edjmov za predaj<\/li>\n<\/ul>\n\n\n\n<p><strong>TLA\u010cOV\u00c9 ZOSTAVY<\/strong><\/p>\n\n\n\n<ul class=\"wp-block-list\">\n<li>tla\u010d fakt\u00far<\/li>\n\n\n\n<li>tla\u010d pokladni\u010dn\u00fdch dokladov<\/li>\n\n\n\n<li>tla\u010d skladov\u00fdch dokladov<\/li>\n\n\n\n<li>tla\u010d preh\u013eadov finan\u010dn\u00fdch pohybov<\/li>\n\n\n\n<li>tla\u010d preh\u013eadov skladov\u00fdch pohybov<\/li>\n\n\n\n<li>tla\u010d z\u00e1kazkov\u00fdch listov<\/li>\n\n\n\n<li>tla\u010d prij\u00edmac\u00edch protokolov<\/li>\n\n\n\n<li>tla\u010d objedn\u00e1vkov\u00fdch listov<\/li>\n\n\n\n<li>tla\u010d invent\u00farnych zost\u00e1v<\/li>\n<\/ul>\n\n\n\n<p><strong>POKLADNI\u010cN\u00dd SYST\u00c9M<\/strong><\/p>\n\n\n\n<ul class=\"wp-block-list\">\n<li>mo\u017enos\u0165 pou\u017eitia programu ako pokladnice<\/li>\n\n\n\n<li>zapojenie programu na fisk\u00e1lny modul<\/li>\n<\/ul>\n\n\n\n<p><strong>DOPLNKOV\u00c9 SLU\u017dBY PROGRAMU<\/strong><\/p>\n\n\n\n<ul class=\"wp-block-list\">\n<li>datab\u00e1za st\u00e1lych z\u00e1kazn\u00edkov<\/li>\n\n\n\n<li>datab\u00e1za normohod\u00edn pracovn\u00fdch \u00fakonov<\/li>\n\n\n\n<li>volite\u013enos\u0165 hodnoty normohod\u00edn<\/li>\n\n\n\n<li>rezerva\u010dn\u00fd syst\u00e9m n\u00e1hradn\u00fdch dielov<\/li>\n\n\n\n<li>export do XLS form\u00e1tu<\/li>\n\n\n\n<li>mo\u017enos\u0165 priameho z\u00e1znamu tla\u010dov\u00fdch v\u00fdstupov do mailovej formy<\/li>\n\n\n\n<li>automatick\u00fd prenos \u00fadajov o vozidle z osved\u010denia o technickom preukaze<\/li>\n\n\n\n<li>automatick\u00fd prenos v\u0161etk\u00fdch \u00fadajov o firme z\u00e1kazn\u00edka z celo\u0161t\u00e1tneho registra<\/li>\n\n\n\n<li>automatick\u00fd prenos dodac\u00edch listov z port\u00e1lu dod\u00e1vate\u013ea do pr\u00edjemky na sklad<\/li>\n\n\n\n<li>mo\u017enos\u0165 pou\u017eitia \u010diarov\u00fdch k\u00f3dov<\/li>\n\n\n\n<li>mo\u017enos\u0165 priameho predaja bez nutnosti zaklada\u0165 z\u00e1kazku<\/li>\n\n\n\n<li>preh\u013eadn\u00fd objedn\u00e1vkov\u00fd kalend\u00e1r s prepojen\u00edm na z\u00e1kazkov\u00fa evidenciu<\/li>\n<\/ul>\n","protected":false},"excerpt":{"rendered":"<p>Tento najrozsiahlej\u0161\u00ed program je vyvinut\u00fd pre potreby autoservisov nez\u00e1visle od typu a druhu vozidiel. Umo\u017e\u0148uje evidova\u0165 v\u0161etky potrebn\u00e9 \u00fadaje a vystavova\u0165 potrebn\u00e9 doklady aj ve\u013ek\u00fdch autoservisov a autosal\u00f3nov. Tento program je z\u00e1kladn\u00fdm programom, ktor\u00fd vyu\u017e\u00edvaj\u00fa najr\u00f4znej\u0161ie servisy a opravovne \u00e1ut r\u00f4znych zna\u010diek a typov na celom Slovensku KOMPLEXN\u00c1 EVIDENCIA Z\u00c1KAZIEK KOMPLEXN\u00c1 SKLADOV\u00c1 EVIDENCIA EVIDENCIA ZAMESTNANCOV <a class=\"read-more\" href=\"https:\/\/www.provax.sk\/index.php\/nase-produkty\/produkt-1\/\">Read More<\/a><\/p>\n","protected":false},"author":1,"featured_media":0,"parent":12,"menu_order":0,"comment_status":"closed","ping_status":"closed","template":"","meta":{"footnotes":""},"class_list":["post-21","page","type-page","status-publish","hentry"],"_links":{"self":[{"href":"https:\/\/www.provax.sk\/index.php\/wp-json\/wp\/v2\/pages\/21","targetHints":{"allow":["GET"]}}],"collection":[{"href":"https:\/\/www.provax.sk\/index.php\/wp-json\/wp\/v2\/pages"}],"about":[{"href":"https:\/\/www.provax.sk\/index.php\/wp-json\/wp\/v2\/types\/page"}],"author":[{"embeddable":true,"href":"https:\/\/www.provax.sk\/index.php\/wp-json\/wp\/v2\/users\/1"}],"replies":[{"embeddable":true,"href":"https:\/\/www.provax.sk\/index.php\/wp-json\/wp\/v2\/comments?post=21"}],"version-history":[{"count":8,"href":"https:\/\/www.provax.sk\/index.php\/wp-json\/wp\/v2\/pages\/21\/revisions"}],"predecessor-version":[{"id":132,"href":"https:\/\/www.provax.sk\/index.php\/wp-json\/wp\/v2\/pages\/21\/revisions\/132"}],"up":[{"embeddable":true,"href":"https:\/\/www.provax.sk\/index.php\/wp-json\/wp\/v2\/pages\/12"}],"wp:attachment":[{"href":"https:\/\/www.provax.sk\/index.php\/wp-json\/wp\/v2\/media?parent=21"}],"curies":[{"name":"wp","href":"https:\/\/api.w.org\/{rel}","templated":true}]}}