{"id":57,"date":"2023-09-01T13:32:34","date_gmt":"2023-09-01T11:32:34","guid":{"rendered":"https:\/\/www.provax.sk\/?page_id=57"},"modified":"2023-09-21T23:06:39","modified_gmt":"2023-09-21T21:06:39","slug":"spracovanie-a-predaj-gulatiny-pila","status":"publish","type":"page","link":"https:\/\/www.provax.sk\/index.php\/nase-produkty\/spracovanie-a-predaj-gulatiny-pila\/","title":{"rendered":"Spracovanie gu\u013eatiny a predaj reziva"},"content":{"rendered":"\n<p>Tento program bol vyvinut\u00fd priamo v prev\u00e1dzke na p\u00edle, je vhodn\u00fd pre mal\u00e9 aj ve\u013ek\u00e9 prev\u00e1dzky.<br><strong>Jednoduch\u00fd po\u010d\u00edta\u010dov\u00fd program s maxim\u00e1lnym pr\u00ednosom obsahuje:<\/strong><\/p>\n\n\n\n<ul class=\"wp-block-list\">\n<li>Presn\u00fa evidenciu vstupnej gu\u013eatiny, po\u010dtu a rozmerov nap\u00edlen\u00fdch produktov a na z\u00e1klade toho v\u00fdpo\u010det v\u00fd\u0165a\u017enosti<\/li>\n\n\n\n<li>Evidenciu v\u00fdkonov pil\u010d\u00edckych smien<\/li>\n\n\n\n<li>Evidenciu n\u00e1kupu a predaja reziva<\/li>\n\n\n\n<li>Faktur\u00e1ciu a skladov\u00fa evidenciu<\/li>\n\n\n\n<li>Mo\u017enos\u0165 vlastn\u00e9ho definovania rozmerov reziva, smien, pil\u010d\u00edkov, cien a v\u0161etk\u00fdch parametrov, ktor\u00e9 vstupuj\u00fa do syst\u00e9mu.<br><\/li>\n<\/ul>\n","protected":false},"excerpt":{"rendered":"<p>Tento program bol vyvinut\u00fd priamo v prev\u00e1dzke na p\u00edle, je vhodn\u00fd pre mal\u00e9 aj ve\u013ek\u00e9 prev\u00e1dzky.Jednoduch\u00fd po\u010d\u00edta\u010dov\u00fd program s maxim\u00e1lnym pr\u00ednosom obsahuje:<\/p>\n","protected":false},"author":1,"featured_media":0,"parent":12,"menu_order":5,"comment_status":"closed","ping_status":"closed","template":"","meta":{"footnotes":""},"class_list":["post-57","page","type-page","status-publish","hentry"],"_links":{"self":[{"href":"https:\/\/www.provax.sk\/index.php\/wp-json\/wp\/v2\/pages\/57","targetHints":{"allow":["GET"]}}],"collection":[{"href":"https:\/\/www.provax.sk\/index.php\/wp-json\/wp\/v2\/pages"}],"about":[{"href":"https:\/\/www.provax.sk\/index.php\/wp-json\/wp\/v2\/types\/page"}],"author":[{"embeddable":true,"href":"https:\/\/www.provax.sk\/index.php\/wp-json\/wp\/v2\/users\/1"}],"replies":[{"embeddable":true,"href":"https:\/\/www.provax.sk\/index.php\/wp-json\/wp\/v2\/comments?post=57"}],"version-history":[{"count":7,"href":"https:\/\/www.provax.sk\/index.php\/wp-json\/wp\/v2\/pages\/57\/revisions"}],"predecessor-version":[{"id":151,"href":"https:\/\/www.provax.sk\/index.php\/wp-json\/wp\/v2\/pages\/57\/revisions\/151"}],"up":[{"embeddable":true,"href":"https:\/\/www.provax.sk\/index.php\/wp-json\/wp\/v2\/pages\/12"}],"wp:attachment":[{"href":"https:\/\/www.provax.sk\/index.php\/wp-json\/wp\/v2\/media?parent=57"}],"curies":[{"name":"wp","href":"https:\/\/api.w.org\/{rel}","templated":true}]}}