{"id":61,"date":"2023-09-01T13:34:33","date_gmt":"2023-09-01T11:34:33","guid":{"rendered":"https:\/\/www.provax.sk\/?page_id=61"},"modified":"2023-09-19T21:50:46","modified_gmt":"2023-09-19T19:50:46","slug":"evidencia-vydaja-ochrannych-pomocok-oopp","status":"publish","type":"page","link":"https:\/\/www.provax.sk\/index.php\/nase-produkty\/evidencia-vydaja-ochrannych-pomocok-oopp\/","title":{"rendered":"Evidencia v\u00fddaja osobn\u00fdch ochrann\u00fdch pracovn\u00fdch pom\u00f4cok"},"content":{"rendered":"\n<p>Program sl\u00fa\u017ei na evidenciu v\u00fddaja OOPP vo firm\u00e1ch. V\u00fdrazne zjednodu\u0161uje a u\u013eah\u010duje presn\u00e9 vedenie tejto agendy a na nieko\u013eko kliknut\u00ed umo\u017e\u0148uje r\u00fdchly v\u00fddaj pom\u00f4cky kone\u010dn\u00e9mu u\u017e\u00edvate\u013eovi. Z\u00e1rove\u0148 poskytuje s\u00fahrnn\u00e9 preh\u013eady o po\u010dte vydan\u00fdch pom\u00f4cok, spotrebe a norm\u00e1ch.<\/p>\n\n\n\n<p>V\u00fddaj OOPP pozost\u00e1va z 4 jednoduch\u00fdch pre obsluhu nen\u00e1ro\u010dn\u00fdch krokov a umo\u017e\u0148uje:<\/p>\n\n\n\n<ul class=\"wp-block-list\">\n<li>V\u00fdber &#8222;odberate\u013ea&#8220; &#8211; v\u00fdberom z \u010d\u00edseln\u00edka odberate\u013eov alebo prilo\u017een\u00edm \u010dipovej karty k \u010d\u00edta\u010dke kariet, ktor\u00e1 je priamo napojen\u00e1 na po\u010d\u00edta\u010d.<\/li>\n\n\n\n<li>V\u00fdber pracovnej poz\u00edcie odberate\u013ea \/pokia\u013e je pre dan\u00e9ho odberate\u013ea definovan\u00e1 len jedna pracovn\u00e1 poz\u00edcia, t\u00e1to sa automaticky vyh\u013ead\u00e1 a krok sa presko\u010d\u00ed\/.<\/li>\n\n\n\n<li>V\u00fdber OOPP definovan\u00fdch pre dan\u00fa pracovn\u00fa poz\u00edciu. Je mo\u017en\u00e9 zadefinova\u0165 v jednom kroku viacero OOPP naraz.<\/li>\n\n\n\n<li>Potvrdenie v\u00fdberu a ulo\u017eenie \u00fadajov<\/li>\n\n\n\n<li>\u0160tatistiky a sledovanie noriem spotreby OOPP<\/li>\n<\/ul>\n\n\n\n<p><br><\/p>\n","protected":false},"excerpt":{"rendered":"<p>Program sl\u00fa\u017ei na evidenciu v\u00fddaja OOPP vo firm\u00e1ch. V\u00fdrazne zjednodu\u0161uje a u\u013eah\u010duje presn\u00e9 vedenie tejto agendy a na nieko\u013eko kliknut\u00ed umo\u017e\u0148uje r\u00fdchly v\u00fddaj pom\u00f4cky kone\u010dn\u00e9mu u\u017e\u00edvate\u013eovi. Z\u00e1rove\u0148 poskytuje s\u00fahrnn\u00e9 preh\u013eady o po\u010dte vydan\u00fdch pom\u00f4cok, spotrebe a norm\u00e1ch. V\u00fddaj OOPP pozost\u00e1va z 4 jednoduch\u00fdch pre obsluhu nen\u00e1ro\u010dn\u00fdch krokov a umo\u017e\u0148uje:<\/p>\n","protected":false},"author":1,"featured_media":0,"parent":12,"menu_order":6,"comment_status":"closed","ping_status":"closed","template":"","meta":{"footnotes":""},"class_list":["post-61","page","type-page","status-publish","hentry"],"_links":{"self":[{"href":"https:\/\/www.provax.sk\/index.php\/wp-json\/wp\/v2\/pages\/61","targetHints":{"allow":["GET"]}}],"collection":[{"href":"https:\/\/www.provax.sk\/index.php\/wp-json\/wp\/v2\/pages"}],"about":[{"href":"https:\/\/www.provax.sk\/index.php\/wp-json\/wp\/v2\/types\/page"}],"author":[{"embeddable":true,"href":"https:\/\/www.provax.sk\/index.php\/wp-json\/wp\/v2\/users\/1"}],"replies":[{"embeddable":true,"href":"https:\/\/www.provax.sk\/index.php\/wp-json\/wp\/v2\/comments?post=61"}],"version-history":[{"count":6,"href":"https:\/\/www.provax.sk\/index.php\/wp-json\/wp\/v2\/pages\/61\/revisions"}],"predecessor-version":[{"id":147,"href":"https:\/\/www.provax.sk\/index.php\/wp-json\/wp\/v2\/pages\/61\/revisions\/147"}],"up":[{"embeddable":true,"href":"https:\/\/www.provax.sk\/index.php\/wp-json\/wp\/v2\/pages\/12"}],"wp:attachment":[{"href":"https:\/\/www.provax.sk\/index.php\/wp-json\/wp\/v2\/media?parent=61"}],"curies":[{"name":"wp","href":"https:\/\/api.w.org\/{rel}","templated":true}]}}